{"id":146,"date":"2025-10-12T07:50:10","date_gmt":"2025-10-12T07:50:10","guid":{"rendered":"https:\/\/staging.drk-luebbecke.de\/?page_id=146"},"modified":"2025-12-19T14:21:59","modified_gmt":"2025-12-19T14:21:59","slug":"besuchsdienst","status":"publish","type":"page","link":"https:\/\/staging.drk-luebbecke.de\/index.php\/drkov\/besuchsdienst\/","title":{"rendered":"Besuchsdienst"},"content":{"rendered":"<p>Seit mehr als 30 Jahren steht der Besuchsdienst im Krankenhaus L\u00fcbbecke Patient*innen zur Seite. Ihren Namen verdanken die freiwilligen Helferinnen ihren gr\u00fcnen Kitteln, die sie tragen, um sich vom medizinischen Personal zu unterscheiden.<\/p>\n<p>Auch Herren k\u00f6nnen unter den ehrenamtlichen Helfern sein. Das Team hilft bei Besorgungen, der An- und Abmeldung von Telefonen, der Versorgung mit Kleidungsst\u00fccken aus Kleiderkammern oder ist f\u00fcr Gespr\u00e4che da.<\/p>\n<p>Des Weiteren kann man \u00fcber den Besuchsdienst B\u00fccher aus der Bibliothek erhalten. Mehr als 20 Helferinnen und Helfer teilen sich den ehrenamtlichen Dienst von Montag bis Freitag.<\/p>\n<p>\t\t\t\t\t\t\t\t\t\t\t\t\t<img fetchpriority=\"high\" decoding=\"async\" width=\"379\" height=\"568\" src=\"https:\/\/staging.drk-luebbecke.de\/wp-content\/uploads\/2025\/10\/AnnegretBuescher.jpg\" alt=\"\" srcset=\"https:\/\/staging.drk-luebbecke.de\/wp-content\/uploads\/2025\/10\/AnnegretBuescher.jpg 379w, https:\/\/staging.drk-luebbecke.de\/wp-content\/uploads\/2025\/10\/AnnegretBuescher-200x300.jpg 200w\" sizes=\"(max-width: 379px) 100vw, 379px\" \/>\t\t\t\t\t\t\t\t\t\t\t\t\t<\/p>\n<h2>Ihre Ansprechpartnerin<\/h2>\n<p>Annegret B\u00fcscher<br \/>Besuchsdienst<\/p>\n<p>Telefon: 05741 4656<\/p>\n","protected":false},"excerpt":{"rendered":"<p>Seit mehr als 30 Jahren steht der Besuchsdienst im Krankenhaus L\u00fcbbecke Patient*innen zur Seite. Ihren Namen verdanken die freiwilligen Helferinnen ihren gr\u00fcnen Kitteln, die sie tragen, um sich vom medizinischen Personal zu unterscheiden. Auch Herren k\u00f6nnen unter den ehrenamtlichen Helfern sein. Das Team hilft bei Besorgungen, der An- und Abmeldung von Telefonen, der Versorgung mit [&hellip;]<\/p>\n","protected":false},"author":1,"featured_media":106,"parent":2,"menu_order":0,"comment_status":"closed","ping_status":"closed","template":"","meta":{"footnotes":""},"class_list":["post-146","page","type-page","status-publish","has-post-thumbnail","hentry"],"_links":{"self":[{"href":"https:\/\/staging.drk-luebbecke.de\/index.php\/wp-json\/wp\/v2\/pages\/146","targetHints":{"allow":["GET"]}}],"collection":[{"href":"https:\/\/staging.drk-luebbecke.de\/index.php\/wp-json\/wp\/v2\/pages"}],"about":[{"href":"https:\/\/staging.drk-luebbecke.de\/index.php\/wp-json\/wp\/v2\/types\/page"}],"author":[{"embeddable":true,"href":"https:\/\/staging.drk-luebbecke.de\/index.php\/wp-json\/wp\/v2\/users\/1"}],"replies":[{"embeddable":true,"href":"https:\/\/staging.drk-luebbecke.de\/index.php\/wp-json\/wp\/v2\/comments?post=146"}],"version-history":[{"count":4,"href":"https:\/\/staging.drk-luebbecke.de\/index.php\/wp-json\/wp\/v2\/pages\/146\/revisions"}],"predecessor-version":[{"id":151,"href":"https:\/\/staging.drk-luebbecke.de\/index.php\/wp-json\/wp\/v2\/pages\/146\/revisions\/151"}],"up":[{"embeddable":true,"href":"https:\/\/staging.drk-luebbecke.de\/index.php\/wp-json\/wp\/v2\/pages\/2"}],"wp:featuredmedia":[{"embeddable":true,"href":"https:\/\/staging.drk-luebbecke.de\/index.php\/wp-json\/wp\/v2\/media\/106"}],"wp:attachment":[{"href":"https:\/\/staging.drk-luebbecke.de\/index.php\/wp-json\/wp\/v2\/media?parent=146"}],"curies":[{"name":"wp","href":"https:\/\/api.w.org\/{rel}","templated":true}]}}