{"id":152,"date":"2025-10-13T12:57:15","date_gmt":"2025-10-13T12:57:15","guid":{"rendered":"https:\/\/staging.drk-luebbecke.de\/?page_id=152"},"modified":"2025-10-30T14:47:19","modified_gmt":"2025-10-30T14:47:19","slug":"blutspende-2","status":"publish","type":"page","link":"https:\/\/staging.drk-luebbecke.de\/index.php\/drkov\/blutspende-2\/","title":{"rendered":"Blutspende"},"content":{"rendered":"\t\t<div data-elementor-type=\"wp-page\" data-elementor-id=\"152\" class=\"elementor elementor-152\">\n\t\t\t\t<div class=\"elementor-element elementor-element-c455d1c e-flex e-con-boxed e-con e-parent\" data-id=\"c455d1c\" data-element_type=\"container\" data-e-type=\"container\">\n\t\t\t\t\t<div class=\"e-con-inner\">\n\t\t\t\t<div class=\"elementor-element elementor-element-4b79e30 elementor-widget elementor-widget-heading\" data-id=\"4b79e30\" data-element_type=\"widget\" data-e-type=\"widget\" data-widget_type=\"heading.default\">\n\t\t\t\t\t<h2 class=\"elementor-heading-title elementor-size-default\">Schenke Leben, spende Blut...<\/h2>\t\t\t\t<\/div>\n\t\t\t\t\t<\/div>\n\t\t\t\t<\/div>\n\t\t<div class=\"elementor-element elementor-element-55bd4b4 e-flex e-con-boxed e-con e-parent\" data-id=\"55bd4b4\" data-element_type=\"container\" data-e-type=\"container\">\n\t\t\t\t\t<div class=\"e-con-inner\">\n\t\t\t\t<div class=\"elementor-element elementor-element-c825af2 elementor-widget elementor-widget-text-editor\" data-id=\"c825af2\" data-element_type=\"widget\" data-e-type=\"widget\" data-widget_type=\"text-editor.default\">\n\t\t\t\t\t\t\t\t\t<div style=\"margin-left: 35%;\">\n<a class=\"drk-search\" href=\"https:\/\/www.blutspendedienst-west.de\/blutspendetermine\/termine\" target=\"_blank\" rel=\"noopener\" data-style=\"standard\">\nBlutspendetermine\n<\/a><\/div>\n<script>\n!function(d,s,id){\n  var js,fjs=d.getElementsByTagName(s)[0];\n  if(!d.getElementById(id)){\n    js=d.createElement(s);\n    js.id=id;\n    js.src=\"https:\/\/assets-terminsuche.drk-blutspende.de\/assets\/blutspendedienstwestde\/widgets.js\";\n    fjs.parentNode.insertBefore(js,fjs);\n  }\n}(document,'script','brk-wjs');\n<\/script>\t\t\t\t\t\t\t\t<\/div>\n\t\t\t\t\t<\/div>\n\t\t\t\t<\/div>\n\t\t<div class=\"elementor-element elementor-element-a5f3576 e-flex e-con-boxed e-con e-parent\" data-id=\"a5f3576\" data-element_type=\"container\" data-e-type=\"container\">\n\t\t\t\t\t<div class=\"e-con-inner\">\n\t\t\t\t<div class=\"elementor-element elementor-element-9fd98b6 elementor-widget elementor-widget-text-editor\" data-id=\"9fd98b6\" data-element_type=\"widget\" data-e-type=\"widget\" data-widget_type=\"text-editor.default\">\n\t\t\t\t\t\t\t\t\t<p>Blut geh\u00f6rt zu den wertvollsten Dingen, die ein Mensch geben kann. Bis heute ist es nicht gelungen, k\u00fcnstliches Blut herzustellen, um Leben zu retten. Sobald Menschen durch einen Unfall oder einen operativen Eingriff Blut verlieren, sind sie\u00a0auf das Blut von Spendern angewiesen.<\/p><p>Sieben regional t\u00e4tige Blutspendedienste des Deutschen Roten Kreuzes sind verantwortlich f\u00fcr die fl\u00e4chendeckende, umfassende Versorgung der Patienten in der Bundesrepublik Deutschland mit Blutpr\u00e4paraten \u2013\u00a0<strong>rund um die Uhr, an 365 Tagen im Jahr.<\/strong><\/p><p>Mit Ihrer Blutspende helfen Sie Verletzten nach gro\u00dfen Blutverlusten. Vorwiegend aber kommen Ihre Blutspenden schwer erkrankten Menschen zu Gute, die aufgrund von Bluterkrankungen, Blutarmut oder Therapien, die das Blutbild stark beeinflussen, einen\u00a0gro\u00dfen Bedarf besitzen.<\/p><p>Die aktiven, ehrenamtlichen Helferinnen und Helfer des DRK Ortsvereins L\u00fcbbecke unterst\u00fctzen den Blutspendedienst des Deutschen Roten Kreuzes bei der Durchf\u00fchrung von Spende-Terminen in L\u00fcbbecke. Wir leisten damit einen Beitrag, im Bedarfsfall kranken Menschen und Verletzten nach Unf\u00e4llen oder Katastrophen helfen zu k\u00f6nnen.<\/p>\t\t\t\t\t\t\t\t<\/div>\n\t\t\t\t\t<\/div>\n\t\t\t\t<\/div>\n\t\t<div class=\"elementor-element elementor-element-34e385f e-flex e-con-boxed e-con e-parent\" data-id=\"34e385f\" data-element_type=\"container\" data-e-type=\"container\">\n\t\t\t\t\t<div class=\"e-con-inner\">\n\t\t\t\t<div class=\"elementor-element elementor-element-7428a64 elementor-widget elementor-widget-heading\" data-id=\"7428a64\" data-element_type=\"widget\" data-e-type=\"widget\" data-widget_type=\"heading.default\">\n\t\t\t\t\t<h2 class=\"elementor-heading-title elementor-size-default\">Warum Blut spenden?<\/h2>\t\t\t\t<\/div>\n\t\t\t\t\t<\/div>\n\t\t\t\t<\/div>\n\t\t<div class=\"elementor-element elementor-element-43f89a6 e-flex e-con-boxed e-con e-parent\" data-id=\"43f89a6\" data-element_type=\"container\" data-e-type=\"container\">\n\t\t\t\t\t<div class=\"e-con-inner\">\n\t\t\t\t<div class=\"elementor-element elementor-element-bafcf12 elementor-widget elementor-widget-image\" data-id=\"bafcf12\" data-element_type=\"widget\" data-e-type=\"widget\" data-widget_type=\"image.default\">\n\t\t\t\t\t\t\t\t\t\t\t\t\t\t\t<img fetchpriority=\"high\" decoding=\"async\" width=\"750\" height=\"563\" src=\"https:\/\/staging.drk-luebbecke.de\/wp-content\/uploads\/2025\/09\/blutspende.jpg\" class=\"attachment-large size-large wp-image-114\" alt=\"\" srcset=\"https:\/\/staging.drk-luebbecke.de\/wp-content\/uploads\/2025\/09\/blutspende.jpg 750w, https:\/\/staging.drk-luebbecke.de\/wp-content\/uploads\/2025\/09\/blutspende-300x225.jpg 300w\" sizes=\"(max-width: 750px) 100vw, 750px\" \/>\t\t\t\t\t\t\t\t\t\t\t\t\t\t\t<\/div>\n\t\t\t\t<div class=\"elementor-element elementor-element-3d52ef5 elementor-widget elementor-widget-text-editor\" data-id=\"3d52ef5\" data-element_type=\"widget\" data-e-type=\"widget\" data-widget_type=\"text-editor.default\">\n\t\t\t\t\t\t\t\t\t<p><strong>Jedes Jahr ben\u00f6tigt der DRK-Blutspendedienst mehr als 30.000 Erstspender, um die Spender zu ersetzen, die aus Alters- oder Gesundheitsgr\u00fcnden nicht mehr spenden d\u00fcrfen. Blut ist lebenswichtig und durch nichts zu ersetzen. Blut erf\u00fcllt vielf\u00e4ltige Funktionen und kann nicht k\u00fcnstlich hergestellt werden. Daher sind wir auch auf Sie als Erstspender angewiesen!<\/strong><\/p><p><strong>Jeder kann in eine Situation geraten, in der eine Blutkonserve lebensrettend ist.<br \/><\/strong><strong>Hier drei Beispiele, die schnelle Hilfe erforderlich machen:<\/strong><\/p>\t\t\t\t\t\t\t\t<\/div>\n\t\t\t\t<div class=\"elementor-element elementor-element-f2f3650 elementor-list-item-link-inline elementor-align-start elementor-icon-list--layout-traditional elementor-widget elementor-widget-icon-list\" data-id=\"f2f3650\" data-element_type=\"widget\" data-e-type=\"widget\" data-settings=\"{&quot;_animation_mobile&quot;:&quot;none&quot;}\" data-widget_type=\"icon-list.default\">\n\t\t\t\t\t\t\t<ul class=\"elementor-icon-list-items\">\n\t\t\t\t\t\t\t<li class=\"elementor-icon-list-item\">\n\t\t\t\t\t\t\t\t\t\t\t<span class=\"elementor-icon-list-icon\">\n\t\t\t\t\t\t\t<svg aria-hidden=\"true\" class=\"e-font-icon-svg e-fas-circle\" viewBox=\"0 0 512 512\" xmlns=\"http:\/\/www.w3.org\/2000\/svg\"><path d=\"M256 8C119 8 8 119 8 256s111 248 248 248 248-111 248-248S393 8 256 8z\"><\/path><\/svg>\t\t\t\t\t\t<\/span>\n\t\t\t\t\t\t\t\t\t\t<span class=\"elementor-icon-list-text\">Lebensbedrohliche Verletzungen nach einem Verkehrsunfall auf dem Heimweg von der Disco oder auf dem Weg in den Urlaub<\/span>\n\t\t\t\t\t\t\t\t\t<\/li>\n\t\t\t\t\t\t\t\t<li class=\"elementor-icon-list-item\">\n\t\t\t\t\t\t\t\t\t\t\t<span class=\"elementor-icon-list-icon\">\n\t\t\t\t\t\t\t<svg aria-hidden=\"true\" class=\"e-font-icon-svg e-fas-circle\" viewBox=\"0 0 512 512\" xmlns=\"http:\/\/www.w3.org\/2000\/svg\"><path d=\"M256 8C119 8 8 119 8 256s111 248 248 248 248-111 248-248S393 8 256 8z\"><\/path><\/svg>\t\t\t\t\t\t<\/span>\n\t\t\t\t\t\t\t\t\t\t<span class=\"elementor-icon-list-text\">Eine durch Krankheit bedingte Operation, die nicht aufgeschoben werden kann<\/span>\n\t\t\t\t\t\t\t\t\t<\/li>\n\t\t\t\t\t\t\t\t<li class=\"elementor-icon-list-item\">\n\t\t\t\t\t\t\t\t\t\t\t<span class=\"elementor-icon-list-icon\">\n\t\t\t\t\t\t\t<svg aria-hidden=\"true\" class=\"e-font-icon-svg e-fas-circle\" viewBox=\"0 0 512 512\" xmlns=\"http:\/\/www.w3.org\/2000\/svg\"><path d=\"M256 8C119 8 8 119 8 256s111 248 248 248 248-111 248-248S393 8 256 8z\"><\/path><\/svg>\t\t\t\t\t\t<\/span>\n\t\t\t\t\t\t\t\t\t\t<span class=\"elementor-icon-list-text\">Ein Sturz des Arbeitskollegen vom Bauger\u00fcst auf der Baustelle<br><\/span>\n\t\t\t\t\t\t\t\t\t<\/li>\n\t\t\t\t\t\t<\/ul>\n\t\t\t\t\t\t<\/div>\n\t\t\t\t<div class=\"elementor-element elementor-element-4454aa3 elementor-widget elementor-widget-text-editor\" data-id=\"4454aa3\" data-element_type=\"widget\" data-e-type=\"widget\" data-widget_type=\"text-editor.default\">\n\t\t\t\t\t\t\t\t\t<div class=\"el-content uk-panel uk-margin-top\"><p><strong>Machen Sie daher bitte mit und handeln Sie \u2013 Ihrer Verantwortung bewusst!<\/strong><\/p><p>Viele Dinge sprechen f\u00fcr das Blutspenden und Sie haben auch was davon.<\/p><p>Sie erhalten nach Ihrer ersten Spende einen Spenderausweis, bei dem Ihre Blutgruppe und Ihr Rhesusfaktor eingetragen sind. Au\u00dferdem wird Ihr Blut auf Erkrankungen getestet. Diese Tests geben auch R\u00fcckschl\u00fcsse auf Lebererkrankungen oder Leberfunktionsst\u00f6rungen. Sollten diese Werte von der Norm abweichen, so werden Sie vom Blutspendedienst unterrichtet.<\/p><p>Eine Untersuchung auf Antik\u00f6rper gegen den HIV Erreger wird ebenfalls bei jeder Spende durchgef\u00fchrt.<\/p><\/div>\t\t\t\t\t\t\t\t<\/div>\n\t\t\t\t\t<\/div>\n\t\t\t\t<\/div>\n\t\t\t\t<\/div>\n\t\t","protected":false},"excerpt":{"rendered":"<p>Schenke Leben, spende Blut&#8230; Blutspendetermine Blut geh\u00f6rt zu den wertvollsten Dingen, die ein Mensch geben kann. Bis heute ist es nicht gelungen, k\u00fcnstliches Blut herzustellen, um Leben zu retten. Sobald Menschen durch einen Unfall oder einen operativen Eingriff Blut verlieren, sind sie\u00a0auf das Blut von Spendern angewiesen. Sieben regional t\u00e4tige Blutspendedienste des Deutschen Roten Kreuzes [&hellip;]<\/p>\n","protected":false},"author":1,"featured_media":153,"parent":2,"menu_order":0,"comment_status":"closed","ping_status":"closed","template":"","meta":{"footnotes":""},"class_list":["post-152","page","type-page","status-publish","has-post-thumbnail","hentry"],"_links":{"self":[{"href":"https:\/\/staging.drk-luebbecke.de\/index.php\/wp-json\/wp\/v2\/pages\/152","targetHints":{"allow":["GET"]}}],"collection":[{"href":"https:\/\/staging.drk-luebbecke.de\/index.php\/wp-json\/wp\/v2\/pages"}],"about":[{"href":"https:\/\/staging.drk-luebbecke.de\/index.php\/wp-json\/wp\/v2\/types\/page"}],"author":[{"embeddable":true,"href":"https:\/\/staging.drk-luebbecke.de\/index.php\/wp-json\/wp\/v2\/users\/1"}],"replies":[{"embeddable":true,"href":"https:\/\/staging.drk-luebbecke.de\/index.php\/wp-json\/wp\/v2\/comments?post=152"}],"version-history":[{"count":41,"href":"https:\/\/staging.drk-luebbecke.de\/index.php\/wp-json\/wp\/v2\/pages\/152\/revisions"}],"predecessor-version":[{"id":263,"href":"https:\/\/staging.drk-luebbecke.de\/index.php\/wp-json\/wp\/v2\/pages\/152\/revisions\/263"}],"up":[{"embeddable":true,"href":"https:\/\/staging.drk-luebbecke.de\/index.php\/wp-json\/wp\/v2\/pages\/2"}],"wp:featuredmedia":[{"embeddable":true,"href":"https:\/\/staging.drk-luebbecke.de\/index.php\/wp-json\/wp\/v2\/media\/153"}],"wp:attachment":[{"href":"https:\/\/staging.drk-luebbecke.de\/index.php\/wp-json\/wp\/v2\/media?parent=152"}],"curies":[{"name":"wp","href":"https:\/\/api.w.org\/{rel}","templated":true}]}}