{"id":227,"date":"2025-10-28T17:13:00","date_gmt":"2025-10-28T17:13:00","guid":{"rendered":"https:\/\/staging.drk-luebbecke.de\/?page_id=227"},"modified":"2025-12-19T13:58:44","modified_gmt":"2025-12-19T13:58:44","slug":"sanitaetsdienst","status":"publish","type":"page","link":"https:\/\/staging.drk-luebbecke.de\/index.php\/drkov\/sanitaetsdienst\/","title":{"rendered":"Sanit\u00e4tsdienst"},"content":{"rendered":"<h2>Unser Service bei Ihrer Veranstaltung<\/h2>\n<p>Ob Rockkonzert, Fu\u00dfballspiel, Karnevalsumzug oder Stra\u00dfenfest \u2013 wo viele Menschen zusammenkommen, gibt es viele kleine und gr\u00f6\u00dfere Notf\u00e4lle.<\/p>\n<p>Ob ein Kind sich das Knie aufsch\u00fcrft, ein begeisterter Fan ohnm\u00e4chtig wird oder einem L\u00e4ufer beim Marathon die Luft ausgeht \u2013 der Sanit\u00e4tsdienst des Deutschen Roten Kreuzes leistet schnelle Hilfe.<\/p>\n<p>Wir bieten Ihnen f\u00fcr Ihre Veranstaltung eine individuelle sanit\u00e4tsdienstliche\u00a0 Betreuung, die nach anerkannten Richtlinien geplant und durchgef\u00fchrt wird. Der genaue Personal-, Material- und Fahrzeugbedarf wird aufgrund der Angaben erstellt, welche der Veranstalter uns in der Anforderung mitteilt.<\/p>\n<h3>Verschiedenste Faktoren werden hierbei einkalkuliert:<\/h3>\n<ul>\n<li>\n\t\t\t\t\t\t\t<svg aria-hidden=\"true\" viewBox=\"0 0 512 512\" xmlns=\"http:\/\/www.w3.org\/2000\/svg\"><path d=\"M256 8C119 8 8 119 8 256s111 248 248 248 248-111 248-248S393 8 256 8z\"><\/path><\/svg><br \/>\n\t\t\t\t\t\t\t\t\t\tVeranstaltungsort (Halle, Freiluftveranstaltung)\n\t\t\t\t\t\t\t\t\t<\/li>\n<li>\n\t\t\t\t\t\t\t<svg aria-hidden=\"true\" viewBox=\"0 0 512 512\" xmlns=\"http:\/\/www.w3.org\/2000\/svg\"><path d=\"M256 8C119 8 8 119 8 256s111 248 248 248 248-111 248-248S393 8 256 8z\"><\/path><\/svg><br \/>\n\t\t\t\t\t\t\t\t\t\tZul\u00e4ssige\/Geplante Besucheranzahl\n\t\t\t\t\t\t\t\t\t<\/li>\n<li>\n\t\t\t\t\t\t\t<svg aria-hidden=\"true\" viewBox=\"0 0 512 512\" xmlns=\"http:\/\/www.w3.org\/2000\/svg\"><path d=\"M256 8C119 8 8 119 8 256s111 248 248 248 248-111 248-248S393 8 256 8z\"><\/path><\/svg><br \/>\n\t\t\t\t\t\t\t\t\t\tGefahrenneigung der Veranstaltung (Rockkonzert oder Theaterabend?)\n\t\t\t\t\t\t\t\t\t<\/li>\n<li>\n\t\t\t\t\t\t\t<svg aria-hidden=\"true\" viewBox=\"0 0 512 512\" xmlns=\"http:\/\/www.w3.org\/2000\/svg\"><path d=\"M256 8C119 8 8 119 8 256s111 248 248 248 248-111 248-248S393 8 256 8z\"><\/path><\/svg><br \/>\n\t\t\t\t\t\t\t\t\t\tAnwesenheit von Personen des \u00f6ffentlichen Lebens?\n\t\t\t\t\t\t\t\t\t<\/li>\n<li>\n\t\t\t\t\t\t\t<svg aria-hidden=\"true\" viewBox=\"0 0 512 512\" xmlns=\"http:\/\/www.w3.org\/2000\/svg\"><path d=\"M256 8C119 8 8 119 8 256s111 248 248 248 248-111 248-248S393 8 256 8z\"><\/path><\/svg><br \/>\n\t\t\t\t\t\t\t\t\t\tBetreuung von Spielern\/Aktiven und Zuschauern?\n\t\t\t\t\t\t\t\t\t<\/li>\n<li>\n\t\t\t\t\t\t\t<svg aria-hidden=\"true\" viewBox=\"0 0 512 512\" xmlns=\"http:\/\/www.w3.org\/2000\/svg\"><path d=\"M256 8C119 8 8 119 8 256s111 248 248 248 248-111 248-248S393 8 256 8z\"><\/path><\/svg><br \/>\n\t\t\t\t\t\t\t\t\t\tBeh\u00f6rdliche Auflagen\n\t\t\t\t\t\t\t\t\t<\/li>\n<li>\n\t\t\t\t\t\t\t<svg aria-hidden=\"true\" viewBox=\"0 0 512 512\" xmlns=\"http:\/\/www.w3.org\/2000\/svg\"><path d=\"M256 8C119 8 8 119 8 256s111 248 248 248 248-111 248-248S393 8 256 8z\"><\/path><\/svg><br \/>\n\t\t\t\t\t\t\t\t\t\tErfahrungswerte aus vergleichbaren Veranstaltungen\n\t\t\t\t\t\t\t\t\t<\/li>\n<\/ul>\n<h2>Art der Veranstaltungen<\/h2>\n<p>Die Planung und Durchf\u00fchrung von Sanit\u00e4tswachdiensten erfolgt nach Leitlinien unseres DRK-Landesverbandes.<\/p>\n<p>Durch die st\u00e4ndige Aus- und Weiterbildung unserer Helfer\/innen sind wir in der Lage, bei folgenden Veranstaltungen den Sanit\u00e4tswachdienst zu stellen:<\/p>\n<ul>\n<li>\n\t\t\t\t\t\t\t<svg aria-hidden=\"true\" viewBox=\"0 0 512 512\" xmlns=\"http:\/\/www.w3.org\/2000\/svg\"><path d=\"M256 8C119 8 8 119 8 256s111 248 248 248 248-111 248-248S393 8 256 8z\"><\/path><\/svg><br \/>\n\t\t\t\t\t\t\t\t\t\tKleine Veranstaltungen\u00a0wie z. B. Fu\u00dfballturniere, Wanderungen,\u00a0Opern\/Operette\/Musical, Schauspiel\/Theater, Martinsz\u00fcge, &#8230;\n\t\t\t\t\t\t\t\t\t<\/li>\n<li>\n\t\t\t\t\t\t\t<svg aria-hidden=\"true\" viewBox=\"0 0 512 512\" xmlns=\"http:\/\/www.w3.org\/2000\/svg\"><path d=\"M256 8C119 8 8 119 8 256s111 248 248 248 248-111 248-248S393 8 256 8z\"><\/path><\/svg><br \/>\n\t\t\t\t\t\t\t\t\t\tGr\u00f6\u00dfere Turniere und Veranstaltungen&nbsp;wie z. B. Mittlere Sportveranstaltungen,&nbsp; Sportfeste, kleine Volksfeste, Karnevalssitzungen, Weihnachtsm\u00e4rkte,&#8230;\n\t\t\t\t\t\t\t\t\t<\/li>\n<li>\n\t\t\t\t\t\t\t<svg aria-hidden=\"true\" viewBox=\"0 0 512 512\" xmlns=\"http:\/\/www.w3.org\/2000\/svg\"><path d=\"M256 8C119 8 8 119 8 256s111 248 248 248 248-111 248-248S393 8 256 8z\"><\/path><\/svg><br \/>\n\t\t\t\t\t\t\t\t\t\tGro\u00dfveranstaltungen\u00a0wie z. B. Stadtfeste, Sch\u00fctzenfeste,\u00a0Konzerte, Motorsportveranstaltungen, Kirmes,..\n\t\t\t\t\t\t\t\t\t<\/li>\n<\/ul>\n<h2>Kosten f\u00fcr Sanit\u00e4tsdienste<\/h2>\n<p>Es k\u00f6nnen keine pauschalen Aussagen bez\u00fcglich anfallender Kosten\u00a0f\u00fcr Sanit\u00e4tsdienste gemacht werden, da jede Veranstaltung anders ist und angepassten Aufwand erfordert. Das Deutsche Rote Kreuz\u00a0ber\u00fccksichtigt dabei, ob es sich um kommerziell\u00a0ausgerichtete oder um &#8222;Non Profit&#8220;-Veranstaltungen handelt.<\/p>\n<p><strong>Wir erstellen Ihnen gerne im Vorfeld Ihrer Veranstaltung ein kostenloses Angebot!<\/strong><\/p>\n<p>Keine Sorge f\u00fcr kleine Vereine! Auch f\u00fcr Vereinsveranstaltungen ist ein Sanit\u00e4tsdienst m\u00f6glich!\u00a0 Wir beraten Sie gerne!<\/p>\n<p>\t\t\t\t\t\t\t\t\t\t\t\t<a href=\"https:\/\/staging.drk-luebbecke.de\/index.php\/kontakt\/\"><br \/>\n\t\t\t\t\t\t\t\t\tHier zum Kontaktformular<br \/>\n\t\t\t\t\t<\/a><\/p>\n\n\n<p><\/p>\n","protected":false},"excerpt":{"rendered":"<p>Unser Service bei Ihrer Veranstaltung Ob Rockkonzert, Fu\u00dfballspiel, Karnevalsumzug oder Stra\u00dfenfest \u2013 wo viele Menschen zusammenkommen, gibt es viele kleine und gr\u00f6\u00dfere Notf\u00e4lle. Ob ein Kind sich das Knie aufsch\u00fcrft, ein begeisterter Fan ohnm\u00e4chtig wird oder einem L\u00e4ufer beim Marathon die Luft ausgeht \u2013 der Sanit\u00e4tsdienst des Deutschen Roten Kreuzes leistet schnelle Hilfe. Wir bieten [&hellip;]<\/p>\n","protected":false},"author":1,"featured_media":229,"parent":2,"menu_order":0,"comment_status":"closed","ping_status":"closed","template":"","meta":{"footnotes":""},"class_list":["post-227","page","type-page","status-publish","has-post-thumbnail","hentry"],"_links":{"self":[{"href":"https:\/\/staging.drk-luebbecke.de\/index.php\/wp-json\/wp\/v2\/pages\/227","targetHints":{"allow":["GET"]}}],"collection":[{"href":"https:\/\/staging.drk-luebbecke.de\/index.php\/wp-json\/wp\/v2\/pages"}],"about":[{"href":"https:\/\/staging.drk-luebbecke.de\/index.php\/wp-json\/wp\/v2\/types\/page"}],"author":[{"embeddable":true,"href":"https:\/\/staging.drk-luebbecke.de\/index.php\/wp-json\/wp\/v2\/users\/1"}],"replies":[{"embeddable":true,"href":"https:\/\/staging.drk-luebbecke.de\/index.php\/wp-json\/wp\/v2\/comments?post=227"}],"version-history":[{"count":29,"href":"https:\/\/staging.drk-luebbecke.de\/index.php\/wp-json\/wp\/v2\/pages\/227\/revisions"}],"predecessor-version":[{"id":335,"href":"https:\/\/staging.drk-luebbecke.de\/index.php\/wp-json\/wp\/v2\/pages\/227\/revisions\/335"}],"up":[{"embeddable":true,"href":"https:\/\/staging.drk-luebbecke.de\/index.php\/wp-json\/wp\/v2\/pages\/2"}],"wp:featuredmedia":[{"embeddable":true,"href":"https:\/\/staging.drk-luebbecke.de\/index.php\/wp-json\/wp\/v2\/media\/229"}],"wp:attachment":[{"href":"https:\/\/staging.drk-luebbecke.de\/index.php\/wp-json\/wp\/v2\/media?parent=227"}],"curies":[{"name":"wp","href":"https:\/\/api.w.org\/{rel}","templated":true}]}}