{"id":276,"date":"2025-11-01T12:15:19","date_gmt":"2025-11-01T12:15:19","guid":{"rendered":"https:\/\/staging.drk-luebbecke.de\/?page_id=276"},"modified":"2025-11-01T12:24:59","modified_gmt":"2025-11-01T12:24:59","slug":"datenschutz","status":"publish","type":"page","link":"https:\/\/staging.drk-luebbecke.de\/index.php\/datenschutz\/","title":{"rendered":"Datenschutz"},"content":{"rendered":"\t\t<div data-elementor-type=\"wp-page\" data-elementor-id=\"276\" class=\"elementor elementor-276\">\n\t\t\t\t<div class=\"elementor-element elementor-element-bfa35b1 e-flex e-con-boxed e-con e-parent\" data-id=\"bfa35b1\" data-element_type=\"container\" data-e-type=\"container\">\n\t\t\t\t\t<div class=\"e-con-inner\">\n\t\t\t\t<div class=\"elementor-element elementor-element-084cbda elementor-widget elementor-widget-text-editor\" data-id=\"084cbda\" data-element_type=\"widget\" data-e-type=\"widget\" data-widget_type=\"text-editor.default\">\n\t\t\t\t\t\t\t\t\t<p>Die folgenden Hinweise geben einen einfachen \u00dcberblick dar\u00fcber, was mit Ihren personenbezogenen Daten passiert, wenn Sie unsere Website besuchen. Personenbezogene Daten sind alle Daten, mit denen Sie pers\u00f6nlich identifiziert werden k\u00f6nnen. Ausf\u00fchrliche Informationen zum Thema Datenschutz entnehmen Sie unserer unter diesem Text aufgef\u00fchrten Datenschutzerkl\u00e4rung.<\/p>\t\t\t\t\t\t\t\t<\/div>\n\t\t\t\t<div class=\"elementor-element elementor-element-612632d elementor-widget elementor-widget-heading\" data-id=\"612632d\" data-element_type=\"widget\" data-e-type=\"widget\" data-widget_type=\"heading.default\">\n\t\t\t\t\t<h3 class=\"elementor-heading-title elementor-size-default\">Allgemein<\/h3>\t\t\t\t<\/div>\n\t\t\t\t<div class=\"elementor-element elementor-element-05f35eb elementor-widget elementor-widget-text-editor\" data-id=\"05f35eb\" data-element_type=\"widget\" data-e-type=\"widget\" data-widget_type=\"text-editor.default\">\n\t\t\t\t\t\t\t\t\t<p>Wir, der DRK-Ortsverein\u00a0L\u00fcbbecke\u00a0e.V., nehmen den Schutz personenbezogener Daten und damit eingeschlossen auch die Betroffenenrechte sehr ernst.<\/p><p>Mit diesen Erl\u00e4uterungen zum Datenschutz m\u00f6chten wir Sie dar\u00fcber informieren,\u00a0<\/p><ul class=\"o-list o-list--unordered\"><li>welche personenbezogenen Daten wir beim Besuch unserer Webseite und<\/li><li>beim Ausf\u00fcllen unserer Onlineformulare oder<\/li><li>unseres Kontaktformulars speichern und<\/li><li>zu welchen Zwecken wir diese Daten verwenden und<\/li><li>welche Rechte Ihnen in diesem Zusammenhang zustehen.<\/li><\/ul><p>Wir kontrollieren regelm\u00e4\u00dfig die internen Prozesse sowie die technischen und organisatorischen Ma\u00dfnahmen, um zu gew\u00e4hrleisten, dass die Verarbeitung in seinem Verantwortungsbereich im Einklang mit den Anforderungen des geltenden Datenschutzrechts erfolgt und der Schutz der Rechte der betroffenen Person gew\u00e4hrleistet wird.<\/p>\t\t\t\t\t\t\t\t<\/div>\n\t\t\t\t<div class=\"elementor-element elementor-element-ed388ea elementor-widget elementor-widget-heading\" data-id=\"ed388ea\" data-element_type=\"widget\" data-e-type=\"widget\" data-widget_type=\"heading.default\">\n\t\t\t\t\t<h3 class=\"elementor-heading-title elementor-size-default\">Name und Anschrift des Verantwortlichen \/\n\nDatenschutzbeauftragter<\/h3>\t\t\t\t<\/div>\n\t\t\t\t<div class=\"elementor-element elementor-element-6a0e325 elementor-widget elementor-widget-text-editor\" data-id=\"6a0e325\" data-element_type=\"widget\" data-e-type=\"widget\" data-widget_type=\"text-editor.default\">\n\t\t\t\t\t\t\t\t\t<p>Der DRK-Ortsverein\u00a0L\u00fcbbecke e.V. betreibt die vorliegende Webseite und ist Verantwortlicher f\u00fcr die Verarbeitung personenbezogener Daten gem\u00e4\u00df Datenschutzgrundverordnung. Die Erhebung, Verarbeitung und Nutzung Ihrer personenbezogenen Daten erfolgt in \u00dcbereinstimmung mit den geltenden deutschen und europ\u00e4ischen gesetzlichen Vorschriften.<\/p><p>Der Verantwortliche im Sinne der Datenschutz-Grundverordnung und anderer nationaler Datenschutzgesetze der Mitgliedsstaaten sowie sonstiger datenschutzrechtlicher Bestimmungen ist:<\/p><p>DRK OV L\u00fcbbecke e.V.<br \/>c\/o Sternapotheke<br \/>Lange Stra\u00dfe 1<br \/>32312 L\u00fcbbecke<\/p><p>Tel. 0152 54208206<br \/>E-Mail:\u00a0vorstand@drk-luebbecke.de&#8220;&gt;vorstand(at)drk-luebbecke.de<\/p><p><strong>Vertreten durch:\u00a0<\/strong><\/p><p>Peter Kresken<br \/>1. Vorsitzender<\/p><p>Die Beachtung geltenden Datenschutzrechtes unterliegt einer st\u00e4ndigen \u00dcberpr\u00fcfung durch unsere Verantwortlichen f\u00fcr den Datenschutz. F\u00fcr Fragen stehen folgende Kontaktm\u00f6glichkeiten zur Verf\u00fcgung:<br \/><br \/><\/p><p>E-Mail:\u00a0<span id=\"cloak110a1bfc07fdd40eb7aaa28698026598\"><a href=\"mailto:vorstand@drk-luebbecke..de\">vorstand(at)drk-luebbecke..de<\/a><\/span><\/p><p>postalisch:<\/p><p>DRK-Ortsverein\u00a0L\u00fcbbecke e.V.<br \/>Datenschutzbeauftragter<br \/>c\/o Sternapotheke<br \/>Lange Stra\u00dfe 1<br \/>32312 L\u00fcbbecke<\/p>\t\t\t\t\t\t\t\t<\/div>\n\t\t\t\t<div class=\"elementor-element elementor-element-c1868dd elementor-widget elementor-widget-heading\" data-id=\"c1868dd\" data-element_type=\"widget\" data-e-type=\"widget\" data-widget_type=\"heading.default\">\n\t\t\t\t\t<h3 class=\"elementor-heading-title elementor-size-default\">Betroffenenrechte<\/h3>\t\t\t\t<\/div>\n\t\t\t\t<div class=\"elementor-element elementor-element-6573633 elementor-widget elementor-widget-text-editor\" data-id=\"6573633\" data-element_type=\"widget\" data-e-type=\"widget\" data-widget_type=\"text-editor.default\">\n\t\t\t\t\t\t\t\t\t<div class=\"uk-panel uk-margin\"><p>Als betroffene Person haben Sie nach Art. 15 ff. DSGVO Rechte, so zum Beispiel<\/p><ul class=\"o-list o-list--unordered\"><li>von uns zu erfahren, ob und welche personenbezogene Daten zu Ihnen verarbeitet werden,<\/li><li>zu welchen Zwecken,<\/li><li>ob Drittl\u00e4nder die Daten erhalten, was wir ausschlie\u00dfen, und<\/li><li>dass Sie ein Recht auf Berichtigung oder L\u00f6schung dieser Daten haben.<\/li><\/ul><p>Das bedeutet, der DRK-Ortsverein\u00a0L\u00fcbbecke e.V. gibt Ihnen auf Anfrage Auskunft dar\u00fcber, welche Daten wir von Ihnen gespeichert haben und zu welchen Zwecken wir diese verwenden. Sollten Daten unrichtig sein, werden wir diese berichtigen.<\/p><\/div>\t\t\t\t\t\t\t\t<\/div>\n\t\t\t\t<div class=\"elementor-element elementor-element-e436ada elementor-widget elementor-widget-heading\" data-id=\"e436ada\" data-element_type=\"widget\" data-e-type=\"widget\" data-widget_type=\"heading.default\">\n\t\t\t\t\t<h3 class=\"elementor-heading-title elementor-size-default\">Verabeitungszwecke<\/h3>\t\t\t\t<\/div>\n\t\t\t\t<div class=\"elementor-element elementor-element-2d764f3 elementor-widget elementor-widget-text-editor\" data-id=\"2d764f3\" data-element_type=\"widget\" data-e-type=\"widget\" data-widget_type=\"text-editor.default\">\n\t\t\t\t\t\t\t\t\t<p>Zu folgenden Zwecken verarbeiten wir Ihre personenbezogenen Daten:<\/p><ul class=\"o-list o-list--unordered\"><li><b>Mitgliedschaft<\/b><br \/>Beitragsverwaltung, Mitgliedsausweis, Spendenquittung, usw.<\/li><li><b>Spenden<\/b><br \/>Beitragseinzug, Beitragshistorie, Spendenquittung, Informationsbereitstellung, usw.<\/li><li><b>Kundenbeziehungen<\/b><br \/>um die Pflichten aus dem Kundenvertrag erf\u00fcllen zu k\u00f6nnen, Beispiel Sanit\u00e4tswachdienste, Betreutes Wohnen, Auiftrgasabwicklungen, usw.<\/li><li><b>ehrenamtliche Mitarbeit<\/b><br \/>um auf Ihre Einsatzw\u00fcnsche ein passendes Angebot zu finden<\/li><li><b>Kontaktformular<\/b><br \/>um Ihre W\u00fcnsche, die Sie uns per Kontaktformular mitteilen, umsetzen zu k\u00f6nnen<\/li><li><b>Stellenbewerbung<\/b><br \/>um Ihre Stellenbewerbungen bearbeiten zu k\u00f6nnen\u00a0<\/li><li><b>Versand von personalisierten Newslettern und Angeboten<\/b><br \/>um Sie mit erw\u00fcnschten Informationen \u00fcber unsere Angebote und Leistungen informieren zu k\u00f6nnen.<\/li><\/ul>\t\t\t\t\t\t\t\t<\/div>\n\t\t\t\t<div class=\"elementor-element elementor-element-debc6f1 elementor-widget elementor-widget-heading\" data-id=\"debc6f1\" data-element_type=\"widget\" data-e-type=\"widget\" data-widget_type=\"heading.default\">\n\t\t\t\t\t<h3 class=\"elementor-heading-title elementor-size-default\">Website<\/h3>\t\t\t\t<\/div>\n\t\t\t\t<div class=\"elementor-element elementor-element-487bdc9 elementor-widget elementor-widget-text-editor\" data-id=\"487bdc9\" data-element_type=\"widget\" data-e-type=\"widget\" data-widget_type=\"text-editor.default\">\n\t\t\t\t\t\t\t\t\t<p>Wenn Sie unsere Webseite besuchen, speichern unsere Webserver standardm\u00e4\u00dfig und tempor\u00e4r folgende Daten:<\/p><ul class=\"o-list o-list--unordered\"><li>IP-Adresse des anfragenden Rechners<\/li><li>Datum und Uhrzeit Ihres Besuches<\/li><li>Name und URL der abgerufenen Datei<\/li><li>Website, von der aus der Zugriff erfolgt (Referrer-URL)<\/li><li>verwendeter Browser und ggf. das Betriebssystem Ihres Rechners sowie\u00a0<\/li><li>der Name Ihres Access-Providers<\/li><\/ul><p>Diese Daten werden anonymisiert gespeichert. Nutzerprofile mit Bezug zu bestimmten oder bestimmbaren Personen werden nicht erstellt. Diese Daten ben\u00f6tigen wir f\u00fcr die Erhaltung der Funktionst\u00fcchtigkeit unserer Systeme. Dies geschieht aufgrund von Art. 6 Abs.1 Buchstabe f der DSGVO.<\/p><p>Unsere Website enth\u00e4lt verschiedene Onlineformulare:<\/p><ul class=\"o-list o-list--unordered\"><li><b>Mitgliedschaft<\/b><\/li><li><b>Spenden<\/b><\/li><li><b>ehrenamtliche Mitarbeit<\/b><\/li><li><b>Kontaktformular<\/b><\/li><\/ul><p>Weitere Informationen hierzu finden Sie unter Punkt Verarbeitung von Kunden- und Interessentendaten<\/p>\t\t\t\t\t\t\t\t<\/div>\n\t\t\t\t<div class=\"elementor-element elementor-element-8ecf446 elementor-widget elementor-widget-heading\" data-id=\"8ecf446\" data-element_type=\"widget\" data-e-type=\"widget\" data-widget_type=\"heading.default\">\n\t\t\t\t\t<h3 class=\"elementor-heading-title elementor-size-default\">Verarbeitung von Kunden- und Interessentendaten<\/h3>\t\t\t\t<\/div>\n\t\t\t\t<div class=\"elementor-element elementor-element-004094f elementor-widget elementor-widget-text-editor\" data-id=\"004094f\" data-element_type=\"widget\" data-e-type=\"widget\" data-widget_type=\"text-editor.default\">\n\t\t\t\t\t\t\t\t\t<p>Unsere Onlineformulare erm\u00f6glichen den Eintrag folgender Interessenten- und Kundendaten:<\/p><h6><b>a. Online-Spende<\/b><\/h6><p>Spendendaten:<\/p><ul class=\"o-list o-list--unordered\"><li>Spendenbetrag<\/li><li>Spendenzweck<\/li><\/ul><p>Personendaten:<\/p><ul class=\"o-list o-list--unordered\"><li>Vorname<\/li><li>Nachname<\/li><li>Stra\u00dfe \/ Nr.<\/li><li>PLZ<\/li><li>Stadt \/ Ort<\/li><li>E-Mail Adresse<\/li><li>Telefon (optional)<\/li><\/ul><p>Kontodaten<\/p><ul class=\"o-list o-list--unordered\"><li>Kontoinhaber<\/li><li>Kontonummer \/ BLZ oder IBAN<\/li><\/ul><h6><b>b. Online-Mitglied werden<\/b><\/h6><p>Personendaten:<\/p><ul class=\"o-list o-list--unordered\"><li>Anrede<\/li><li>Vorname<\/li><li>Nachname<\/li><li>Stra\u00dfe \/ Nr.<\/li><li>PLZ<\/li><li>Stadt \/ Ort<\/li><li>E-Mail Adresse (optional)<\/li><li>Telefon (optional)<\/li><li>Ich habe die Datenschutzhinweise gelesen und akzeptiere sie.<\/li><\/ul><p>Die Kontoverbindung und die Beitragsh\u00f6he werden \u00fcber den Briefweg vereinbart.<\/p><h6><b>c. Online-Aktiven Anmeldung<\/b><\/h6><p>Personendaten:<\/p><ul class=\"o-list o-list--unordered\"><li>Vorname<\/li><li>Nachname<\/li><li>Stra\u00dfe \/ Nr.<\/li><li>PLZ<\/li><li>Stadt \/ Ort<\/li><li>E-Mail Adresse<\/li><li>Telefon<\/li><li>Ich interessiere mich insbesondere f\u00fcr &#8230;.<\/li><li>Ich habe die Datenschutzhinweise gelesen und akzeptiere sie.<\/li><\/ul><h6><b>d. Online-Kontakt Formular<\/b><\/h6><p>Personendaten:<\/p><ul class=\"o-list o-list--unordered\"><li>Nachname<\/li><li>E-Mail Adresse<\/li><li>Betreffauswahl &#8230;.<\/li><li>Ihre Mitteilung an uns = freie Textwahl\u00a0<\/li><li>Ich habe die Datenschutzhinweise gelesen und akzeptiere sie.<\/li><\/ul><h5><b><br \/>6.2 Empf\u00e4nger der Interessenten- und Kundendaten<br \/><\/b><\/h5><p>Das Onlineformulare 6.1.a von Novalnet AG erfolgt auf der externen Website von Novalnet AG.<\/p><p>Die Onlineformulare 6.1.b bis 6.1.d senden die Interessenten- und Kundendaten \u00fcber eine verschl\u00fcsselte Verbindung auf den E-Mail-Server von D&amp;T Internet GmbH.<br \/><br \/><\/p><h5><b>6.3 Speicherdauer<br \/><\/b><br \/>Die Daten werden solange gespeichert<\/h5><ul class=\"o-list o-list--unordered\"><li>wie der Zweck der Speicherung erf\u00fcllt ist,<\/li><li>bis der Betroffene die L\u00f6schung verlangt,<\/li><li>bei Interessentendaten sp\u00e4testens nach zw\u00f6lf Monaten<br \/><br \/><\/li><\/ul><h5><b>6.4 Herkunft der Daten<br \/><\/b><br \/>Wir f\u00fchren ausschlie\u00dflich eine Direkterhebung beim Betroffenen per Eintrag in die Onlineformulare durch.<br \/><br \/><\/h5><h5><b>6.5 \u00dcbermittlung an Drittstaaten<\/b><\/h5><p>Alle aus unseren Onlineformularen gewonnenen Daten werden innerhalb Deutschlands bearbeitet und unterliegen dem deutschen und europ\u00e4ischen Datenschutzrecht. Es erfolgt keine \u00dcbermittlung an Drittstaaten, die Verarbeitung der Daten findet ausschlie\u00dflich in Deutschland statt.<br \/><br \/>Hinweis: Bitte beachten, dass der Direkteinzug durch Novalnet AG auf der externen Website von Novalnet AG erfolgt.<\/p><h5><b>6.6 Technische Standards &#8211; Gesicherte \u00dcbertragung<\/b><\/h5><p>Wir verwenden beim Datentransfer das sogenannte SSL-Sicherheitssystem (Secure Socket Layer) in Verbindung mit einer 128-Bit-Verschl\u00fcsselung. Diese Technik bietet h\u00f6chste Sicherheit und wird daher beispielsweise auch von Banken zum Datenschutz beim Online-Banking eingesetzt. An der geschlossenen Darstellung eines Sch\u00fcssel- bzw. Schloss-Symbols in der unteren Statusleiste Ihres Browsers erkennen Sie, dass die Daten verschl\u00fcsselt \u00fcbertragen werden.<\/p><p>Unsere Ma\u00dfnahmen werden bei \u00c4nderungen dem Stand der Technik fortlaufend angepasst. Dennoch weisen wir darauf hin, dass der Datenschutz f\u00fcr \u00dcbertragung von Daten innerhalb der Internets nach dem derzeitigen Stand der Technik nicht umfassend gew\u00e4hrleistet werden kann. Andere User des Internets sind unter Umst\u00e4nden technisch in der Lage, unbefugt in die Netzsicherheit einzugreifen und den Nachrichtenverkehr zu kontrollieren.<\/p>\t\t\t\t\t\t\t\t<\/div>\n\t\t\t\t<div class=\"elementor-element elementor-element-d5dec68 elementor-widget elementor-widget-heading\" data-id=\"d5dec68\" data-element_type=\"widget\" data-e-type=\"widget\" data-widget_type=\"heading.default\">\n\t\t\t\t\t<h3 class=\"elementor-heading-title elementor-size-default\">Weblinks<\/h3>\t\t\t\t<\/div>\n\t\t\t\t<div class=\"elementor-element elementor-element-c7acf63 elementor-widget elementor-widget-text-editor\" data-id=\"c7acf63\" data-element_type=\"widget\" data-e-type=\"widget\" data-widget_type=\"text-editor.default\">\n\t\t\t\t\t\t\t\t\t<p>Unsere Webseiten enthalten Links zu Webseiten anderer Anbieter (&#8222;externe Links&#8220;), auf die sich diese Datenschutzerkl\u00e4rung nicht erstreckt. Diese Webseiten unterliegen der Haftung der jeweiligen Seitenbetreiber.<\/p><p>Bei Verkn\u00fcpfung der externen Links waren keine Rechtsverst\u00f6\u00dfe ersichtlich. Auf die aktuelle und k\u00fcnftige Gestaltung der verlinkten Seiten hat der Anbieter keinen Einfluss. Die permanente \u00dcberpr\u00fcfung der externen Links ist f\u00fcr den Anbieter ohne konkrete Hinweise auf Rechtsverst\u00f6\u00dfe nicht zumutbar. Bei Bekanntwerden von Rechtsverst\u00f6\u00dfen werden die betroffenen externen Links unverz\u00fcglich gel\u00f6scht.<\/p>\t\t\t\t\t\t\t\t<\/div>\n\t\t\t\t\t<\/div>\n\t\t\t\t<\/div>\n\t\t\t\t<\/div>\n\t\t","protected":false},"excerpt":{"rendered":"<p>Die folgenden Hinweise geben einen einfachen \u00dcberblick dar\u00fcber, was mit Ihren personenbezogenen Daten passiert, wenn Sie unsere Website besuchen. Personenbezogene Daten sind alle Daten, mit denen Sie pers\u00f6nlich identifiziert werden k\u00f6nnen. Ausf\u00fchrliche Informationen zum Thema Datenschutz entnehmen Sie unserer unter diesem Text aufgef\u00fchrten Datenschutzerkl\u00e4rung. Allgemein Wir, der DRK-Ortsverein\u00a0L\u00fcbbecke\u00a0e.V., nehmen den Schutz personenbezogener Daten und damit [&hellip;]<\/p>\n","protected":false},"author":1,"featured_media":0,"parent":0,"menu_order":0,"comment_status":"closed","ping_status":"closed","template":"","meta":{"footnotes":""},"class_list":["post-276","page","type-page","status-publish","hentry"],"_links":{"self":[{"href":"https:\/\/staging.drk-luebbecke.de\/index.php\/wp-json\/wp\/v2\/pages\/276","targetHints":{"allow":["GET"]}}],"collection":[{"href":"https:\/\/staging.drk-luebbecke.de\/index.php\/wp-json\/wp\/v2\/pages"}],"about":[{"href":"https:\/\/staging.drk-luebbecke.de\/index.php\/wp-json\/wp\/v2\/types\/page"}],"author":[{"embeddable":true,"href":"https:\/\/staging.drk-luebbecke.de\/index.php\/wp-json\/wp\/v2\/users\/1"}],"replies":[{"embeddable":true,"href":"https:\/\/staging.drk-luebbecke.de\/index.php\/wp-json\/wp\/v2\/comments?post=276"}],"version-history":[{"count":7,"href":"https:\/\/staging.drk-luebbecke.de\/index.php\/wp-json\/wp\/v2\/pages\/276\/revisions"}],"predecessor-version":[{"id":284,"href":"https:\/\/staging.drk-luebbecke.de\/index.php\/wp-json\/wp\/v2\/pages\/276\/revisions\/284"}],"wp:attachment":[{"href":"https:\/\/staging.drk-luebbecke.de\/index.php\/wp-json\/wp\/v2\/media?parent=276"}],"curies":[{"name":"wp","href":"https:\/\/api.w.org\/{rel}","templated":true}]}}