{"id":348,"date":"2025-12-19T15:28:50","date_gmt":"2025-12-19T15:28:50","guid":{"rendered":"https:\/\/staging.drk-luebbecke.de\/?page_id=348"},"modified":"2025-12-19T15:39:48","modified_gmt":"2025-12-19T15:39:48","slug":"der-vorstand","status":"publish","type":"page","link":"https:\/\/staging.drk-luebbecke.de\/index.php\/der-vorstand\/","title":{"rendered":"Der Vorstand"},"content":{"rendered":"\t\t<div data-elementor-type=\"wp-page\" data-elementor-id=\"348\" class=\"elementor elementor-348\">\n\t\t\t\t<div class=\"elementor-element elementor-element-813788f e-flex e-con-boxed e-con e-parent\" data-id=\"813788f\" data-element_type=\"container\" data-e-type=\"container\">\n\t\t\t\t\t<div class=\"e-con-inner\">\n\t\t\t\t<div class=\"elementor-element elementor-element-80bf5ae elementor-widget elementor-widget-text-editor\" data-id=\"80bf5ae\" data-element_type=\"widget\" data-e-type=\"widget\" data-widget_type=\"text-editor.default\">\n\t\t\t\t\t\t\t\t\t<p>Unsere gesamte Rotkreuzarbeit wird durch den Vorstand des DRK Ortsverein L\u00fcbbecke \u00a0e.V. gef\u00f6rdert und koordiniert. Der Vorstand besteht aus den hier aufgef\u00fchrten Vereinsmitgliedern und repr\u00e4sentiert den Ortsverein aktuell \u00a0in dieser Zusammensetzung.<\/p>\t\t\t\t\t\t\t\t<\/div>\n\t\t\t\t<div class=\"elementor-element elementor-element-8d5c6ef elementor-widget-divider--view-line elementor-widget elementor-widget-divider\" data-id=\"8d5c6ef\" data-element_type=\"widget\" data-e-type=\"widget\" data-widget_type=\"divider.default\">\n\t\t\t\t\t\t\t<div class=\"elementor-divider\">\n\t\t\t<span class=\"elementor-divider-separator\">\n\t\t\t\t\t\t<\/span>\n\t\t<\/div>\n\t\t\t\t\t\t<\/div>\n\t\t\t\t\t<\/div>\n\t\t\t\t<\/div>\n\t\t<div class=\"elementor-element elementor-element-8ca9697 e-grid e-con-full e-con e-parent\" data-id=\"8ca9697\" data-element_type=\"container\" data-e-type=\"container\">\n\t\t<div class=\"elementor-element elementor-element-ebc7cfb e-con-full e-flex e-con e-child\" data-id=\"ebc7cfb\" data-element_type=\"container\" data-e-type=\"container\">\n\t\t\t\t<div class=\"elementor-element elementor-element-f1b55d2 elementor-widget elementor-widget-text-editor\" data-id=\"f1b55d2\" data-element_type=\"widget\" data-e-type=\"widget\" data-widget_type=\"text-editor.default\">\n\t\t\t\t\t\t\t\t\t<h3><span style=\"color: #ff0000; text-wrap: wrap;\">Peter Kresken<\/span><\/h3><p style=\"text-wrap: wrap;\">1. Vorsitzender<\/p>\t\t\t\t\t\t\t\t<\/div>\n\t\t\t\t<\/div>\n\t\t<div class=\"elementor-element elementor-element-275d84b e-con-full e-flex e-con e-child\" data-id=\"275d84b\" data-element_type=\"container\" data-e-type=\"container\">\n\t\t\t\t<div class=\"elementor-element elementor-element-69a009c elementor-widget elementor-widget-text-editor\" data-id=\"69a009c\" data-element_type=\"widget\" data-e-type=\"widget\" data-widget_type=\"text-editor.default\">\n\t\t\t\t\t\t\t\t\t<h3 class=\"el-title uk-h5 uk-margin-top uk-margin-remove-bottom\"><span style=\"color: #ff0000;\">Andreas Vogt<\/span><\/h3><p class=\"el-meta uk-text-meta uk-margin-top\">2. Vorsitzender<\/p>\t\t\t\t\t\t\t\t<\/div>\n\t\t\t\t<\/div>\n\t\t<div class=\"elementor-element elementor-element-e82a501 e-con-full e-flex e-con e-child\" data-id=\"e82a501\" data-element_type=\"container\" data-e-type=\"container\">\n\t\t\t\t<div class=\"elementor-element elementor-element-098a4df elementor-widget elementor-widget-text-editor\" data-id=\"098a4df\" data-element_type=\"widget\" data-e-type=\"widget\" data-widget_type=\"text-editor.default\">\n\t\t\t\t\t\t\t\t\t<h3><span style=\"color: #ff0000; text-wrap: wrap;\">Klaus Watermann<\/span><\/h3><p style=\"text-wrap: wrap;\">Schatzmeister<\/p>\t\t\t\t\t\t\t\t<\/div>\n\t\t\t\t<\/div>\n\t\t<div class=\"elementor-element elementor-element-13dc7ae e-con-full e-flex e-con e-child\" data-id=\"13dc7ae\" data-element_type=\"container\" data-e-type=\"container\">\n\t\t\t\t<div class=\"elementor-element elementor-element-544dc6c elementor-widget elementor-widget-text-editor\" data-id=\"544dc6c\" data-element_type=\"widget\" data-e-type=\"widget\" data-widget_type=\"text-editor.default\">\n\t\t\t\t\t\t\t\t\t<h3 class=\"el-title uk-h5 uk-margin-top uk-margin-remove-bottom\"><span style=\"color: #ff0000;\">Dr. Gerd Fuhrmann<\/span><\/h3><div class=\"el-meta uk-text-meta uk-margin-top\">Rotkreuzarzt<\/div>\t\t\t\t\t\t\t\t<\/div>\n\t\t\t\t<\/div>\n\t\t<div class=\"elementor-element elementor-element-949bc19 e-con-full e-flex e-con e-child\" data-id=\"949bc19\" data-element_type=\"container\" data-e-type=\"container\">\n\t\t\t\t<div class=\"elementor-element elementor-element-76655da elementor-widget elementor-widget-text-editor\" data-id=\"76655da\" data-element_type=\"widget\" data-e-type=\"widget\" data-widget_type=\"text-editor.default\">\n\t\t\t\t\t\t\t\t\t<h3 class=\"el-title uk-h5 uk-margin-top uk-margin-remove-bottom\"><span style=\"color: #ff0000;\">Jan-Torben Kling<\/span><\/h3><p class=\"el-title uk-h5 uk-margin-top uk-margin-remove-bottom\">Rotkreuzleitung<\/p>\t\t\t\t\t\t\t\t<\/div>\n\t\t\t\t<\/div>\n\t\t<div class=\"elementor-element elementor-element-9fcf14a e-con-full e-flex e-con e-child\" data-id=\"9fcf14a\" data-element_type=\"container\" data-e-type=\"container\">\n\t\t\t\t<div class=\"elementor-element elementor-element-6926a7d elementor-widget elementor-widget-text-editor\" data-id=\"6926a7d\" data-element_type=\"widget\" data-e-type=\"widget\" data-widget_type=\"text-editor.default\">\n\t\t\t\t\t\t\t\t\t<h3 class=\"el-title uk-h5 uk-margin-top uk-margin-remove-bottom\"><span style=\"color: #ff0000;\">Bettina de Jong<\/span><\/h3><p class=\"el-title uk-h5 uk-margin-top uk-margin-remove-bottom\">Rotkreuzleitung<\/p>\t\t\t\t\t\t\t\t<\/div>\n\t\t\t\t<\/div>\n\t\t<div class=\"elementor-element elementor-element-9a828ce e-con-full e-flex e-con e-child\" data-id=\"9a828ce\" data-element_type=\"container\" data-e-type=\"container\">\n\t\t\t\t<div class=\"elementor-element elementor-element-4455410 elementor-widget elementor-widget-text-editor\" data-id=\"4455410\" data-element_type=\"widget\" data-e-type=\"widget\" data-widget_type=\"text-editor.default\">\n\t\t\t\t\t\t\t\t\t<h3 class=\"el-title uk-h5 uk-margin-top uk-margin-remove-bottom\"><span style=\"color: #ff0000;\">Nicolle Schmidt<\/span><\/h3><p class=\"el-title uk-h5 uk-margin-top uk-margin-remove-bottom\">Schriftf\u00fchrerin<\/p>\t\t\t\t\t\t\t\t<\/div>\n\t\t\t\t<\/div>\n\t\t<div class=\"elementor-element elementor-element-bc26097 e-con-full e-flex e-con e-child\" data-id=\"bc26097\" data-element_type=\"container\" data-e-type=\"container\">\n\t\t\t\t<div class=\"elementor-element elementor-element-31dab36 elementor-widget elementor-widget-text-editor\" data-id=\"31dab36\" data-element_type=\"widget\" data-e-type=\"widget\" data-widget_type=\"text-editor.default\">\n\t\t\t\t\t\t\t\t\t<h3 class=\"el-title uk-h5 uk-margin-top uk-margin-remove-bottom\"><span style=\"color: #ff0000;\">Uwe Feldmann<\/span><\/h3><p class=\"el-title uk-h5 uk-margin-top uk-margin-remove-bottom\">Bereich Finanzen<\/p>\t\t\t\t\t\t\t\t<\/div>\n\t\t\t\t<\/div>\n\t\t<div class=\"elementor-element elementor-element-9ddd33a e-con-full e-flex e-con e-child\" data-id=\"9ddd33a\" data-element_type=\"container\" data-e-type=\"container\">\n\t\t\t\t<div class=\"elementor-element elementor-element-b971568 elementor-widget elementor-widget-text-editor\" data-id=\"b971568\" data-element_type=\"widget\" data-e-type=\"widget\" data-widget_type=\"text-editor.default\">\n\t\t\t\t\t\t\t\t\t<h3 class=\"el-title uk-h5 uk-margin-top uk-margin-remove-bottom\"><span style=\"color: #ff0000;\">Annegret B\u00fcscher<\/span><\/h3><p class=\"el-title uk-h5 uk-margin-top uk-margin-remove-bottom\">Beisitzerin \/ Besuchsdienst<\/p>\t\t\t\t\t\t\t\t<\/div>\n\t\t\t\t<\/div>\n\t\t<div class=\"elementor-element elementor-element-7718f0c e-con-full e-flex e-con e-child\" data-id=\"7718f0c\" data-element_type=\"container\" data-e-type=\"container\">\n\t\t\t\t<div class=\"elementor-element elementor-element-80784a2 elementor-widget elementor-widget-text-editor\" data-id=\"80784a2\" data-element_type=\"widget\" data-e-type=\"widget\" data-widget_type=\"text-editor.default\">\n\t\t\t\t\t\t\t\t\t<h3 class=\"el-title uk-h5 uk-margin-top uk-margin-remove-bottom\"><span style=\"color: #ff0000;\">Ute Falk<\/span><\/h3><p class=\"el-title uk-h5 uk-margin-top uk-margin-remove-bottom\">Bereich Kleiderkammer<\/p>\t\t\t\t\t\t\t\t<\/div>\n\t\t\t\t<\/div>\n\t\t<div class=\"elementor-element elementor-element-4d2c74d e-con-full e-flex e-con e-child\" data-id=\"4d2c74d\" data-element_type=\"container\" data-e-type=\"container\">\n\t\t\t\t<div class=\"elementor-element elementor-element-41271c5 elementor-widget elementor-widget-text-editor\" data-id=\"41271c5\" data-element_type=\"widget\" data-e-type=\"widget\" data-widget_type=\"text-editor.default\">\n\t\t\t\t\t\t\t\t\t<h3 class=\"el-title uk-h5 uk-margin-top uk-margin-remove-bottom\"><span style=\"color: #ff0000;\">Waltraud Kelle<\/span><\/h3><p class=\"el-title uk-h5 uk-margin-top uk-margin-remove-bottom\">Bereich Blutspende<\/p>\t\t\t\t\t\t\t\t<\/div>\n\t\t\t\t<\/div>\n\t\t\t\t<\/div>\n\t\t\t\t<\/div>\n\t\t","protected":false},"excerpt":{"rendered":"<p>Unsere gesamte Rotkreuzarbeit wird durch den Vorstand des DRK Ortsverein L\u00fcbbecke \u00a0e.V. gef\u00f6rdert und koordiniert. Der Vorstand besteht aus den hier aufgef\u00fchrten Vereinsmitgliedern und repr\u00e4sentiert den Ortsverein aktuell \u00a0in dieser Zusammensetzung. Peter Kresken 1. Vorsitzender Andreas Vogt 2. Vorsitzender Klaus Watermann Schatzmeister Dr. Gerd Fuhrmann Rotkreuzarzt Jan-Torben Kling Rotkreuzleitung Bettina de Jong Rotkreuzleitung Nicolle Schmidt [&hellip;]<\/p>\n","protected":false},"author":1,"featured_media":0,"parent":0,"menu_order":0,"comment_status":"closed","ping_status":"closed","template":"","meta":{"footnotes":""},"class_list":["post-348","page","type-page","status-publish","hentry"],"_links":{"self":[{"href":"https:\/\/staging.drk-luebbecke.de\/index.php\/wp-json\/wp\/v2\/pages\/348","targetHints":{"allow":["GET"]}}],"collection":[{"href":"https:\/\/staging.drk-luebbecke.de\/index.php\/wp-json\/wp\/v2\/pages"}],"about":[{"href":"https:\/\/staging.drk-luebbecke.de\/index.php\/wp-json\/wp\/v2\/types\/page"}],"author":[{"embeddable":true,"href":"https:\/\/staging.drk-luebbecke.de\/index.php\/wp-json\/wp\/v2\/users\/1"}],"replies":[{"embeddable":true,"href":"https:\/\/staging.drk-luebbecke.de\/index.php\/wp-json\/wp\/v2\/comments?post=348"}],"version-history":[{"count":6,"href":"https:\/\/staging.drk-luebbecke.de\/index.php\/wp-json\/wp\/v2\/pages\/348\/revisions"}],"predecessor-version":[{"id":354,"href":"https:\/\/staging.drk-luebbecke.de\/index.php\/wp-json\/wp\/v2\/pages\/348\/revisions\/354"}],"wp:attachment":[{"href":"https:\/\/staging.drk-luebbecke.de\/index.php\/wp-json\/wp\/v2\/media?parent=348"}],"curies":[{"name":"wp","href":"https:\/\/api.w.org\/{rel}","templated":true}]}}