{"id":71,"date":"2025-07-30T12:09:32","date_gmt":"2025-07-30T12:09:32","guid":{"rendered":"https:\/\/staging.drk-luebbecke.de\/?page_id=71"},"modified":"2025-10-14T13:56:08","modified_gmt":"2025-10-14T13:56:08","slug":"willkommen","status":"publish","type":"page","link":"https:\/\/staging.drk-luebbecke.de\/","title":{"rendered":"Willkommen"},"content":{"rendered":"\t\t<div data-elementor-type=\"wp-post\" data-elementor-id=\"71\" class=\"elementor elementor-71\">\n\t\t\t\t<div class=\"elementor-element elementor-element-5da0fe1 e-flex e-con-boxed e-con e-parent\" data-id=\"5da0fe1\" data-element_type=\"container\" data-e-type=\"container\">\n\t\t\t\t\t<div class=\"e-con-inner\">\n\t\t\t\t<div class=\"elementor-element elementor-element-734b79e elementor-widget elementor-widget-text-editor\" data-id=\"734b79e\" data-element_type=\"widget\" data-e-type=\"widget\" data-widget_type=\"text-editor.default\">\n\t\t\t\t\t\t\t\t\t<p>Der <strong>DRK-Ortsverein L\u00fcbbecke e.V.<\/strong> hat eine lange Tradition.<\/p><p>Schon seit 1879 engagieren sich Menschen in und um L\u00fcbbecke f\u00fcr das Deutsche Rote Kreuz.<\/p><p>Derzeit z\u00e4hlt unser Ortsverein \u00fcber 900 Mitglieder. Davon geh\u00f6ren 100 zu den aktiven Helfern und \u00fcber 800 zu den F\u00f6rderern.<\/p><p>Wir engagieren uns vor allem im <strong>sozialen Bereich<\/strong>, im <strong>Sanit\u00e4tsdienst<\/strong> sowie in der <strong>humanit\u00e4ren Hilfe<\/strong> und im <strong>Katastrophenschutz<\/strong>.<\/p><p>In regelm\u00e4\u00dfigen Abst\u00e4nden finden unsere <strong>Dienstabende<\/strong> statt.<br \/>An diesen Abenden setzen sich die ehrenamtlichen Helfern mit den Materialien der Fahrzeuge, des Katastrophenschutzes u.v.m. auseinander.<\/p><p>Das ganze Jahr \u00fcber gibt es besondere Abende und\u00a0 TEAM Events.<\/p><p>W\u00e4rst du gerne dabei? Sprich uns einfach auf einem der zahlreichen Sanit\u00e4tsdiensten an oder schau bei uns am Kutscherweg vorbei.<\/p>\t\t\t\t\t\t\t\t<\/div>\n\t\t\t\t\t<\/div>\n\t\t\t\t<\/div>\n\t\t\t\t<\/div>\n\t\t","protected":false},"excerpt":{"rendered":"<p>Der DRK-Ortsverein L\u00fcbbecke e.V. hat eine lange Tradition. Schon seit 1879 engagieren sich Menschen in und um L\u00fcbbecke f\u00fcr das Deutsche Rote Kreuz. Derzeit z\u00e4hlt unser Ortsverein \u00fcber 900 Mitglieder. Davon geh\u00f6ren 100 zu den aktiven Helfern und \u00fcber 800 zu den F\u00f6rderern. Wir engagieren uns vor allem im sozialen Bereich, im Sanit\u00e4tsdienst sowie in [&hellip;]<\/p>\n","protected":false},"author":1,"featured_media":212,"parent":0,"menu_order":0,"comment_status":"closed","ping_status":"closed","template":"","meta":{"footnotes":""},"class_list":["post-71","page","type-page","status-publish","has-post-thumbnail","hentry"],"_links":{"self":[{"href":"https:\/\/staging.drk-luebbecke.de\/index.php\/wp-json\/wp\/v2\/pages\/71","targetHints":{"allow":["GET"]}}],"collection":[{"href":"https:\/\/staging.drk-luebbecke.de\/index.php\/wp-json\/wp\/v2\/pages"}],"about":[{"href":"https:\/\/staging.drk-luebbecke.de\/index.php\/wp-json\/wp\/v2\/types\/page"}],"author":[{"embeddable":true,"href":"https:\/\/staging.drk-luebbecke.de\/index.php\/wp-json\/wp\/v2\/users\/1"}],"replies":[{"embeddable":true,"href":"https:\/\/staging.drk-luebbecke.de\/index.php\/wp-json\/wp\/v2\/comments?post=71"}],"version-history":[{"count":16,"href":"https:\/\/staging.drk-luebbecke.de\/index.php\/wp-json\/wp\/v2\/pages\/71\/revisions"}],"predecessor-version":[{"id":219,"href":"https:\/\/staging.drk-luebbecke.de\/index.php\/wp-json\/wp\/v2\/pages\/71\/revisions\/219"}],"wp:featuredmedia":[{"embeddable":true,"href":"https:\/\/staging.drk-luebbecke.de\/index.php\/wp-json\/wp\/v2\/media\/212"}],"wp:attachment":[{"href":"https:\/\/staging.drk-luebbecke.de\/index.php\/wp-json\/wp\/v2\/media?parent=71"}],"curies":[{"name":"wp","href":"https:\/\/api.w.org\/{rel}","templated":true}]}}